{"id":14394,"date":"2026-03-01T11:14:08","date_gmt":"2026-03-01T11:14:08","guid":{"rendered":"https:\/\/namedomains.shop\/?post_type=product&#038;p=14394"},"modified":"2026-03-01T11:17:59","modified_gmt":"2026-03-01T11:17:59","slug":"durable-semi-truck-shaped-coffee-mug-handcrafted-resin-mug-for-family-friends","status":"publish","type":"product","link":"https:\/\/namedomains.shop\/de\/produkt\/durable-semi-truck-shaped-coffee-mug-handcrafted-resin-mug-for-family-friends\/","title":{"rendered":"Langlebiger Kaffeebecher in Form eines Sattelschleppers - Handgefertigter Becher aus Harz f\u00fcr Familie und Freunde"},"content":{"rendered":"<div data-elementor-type=\"product-post\" data-elementor-id=\"14394\" class=\"elementor elementor-14394\" data-elementor-post-type=\"product\">\n\t\t\t\t<div class=\"elementor-element elementor-element-6484f112 e-flex e-con-boxed e-con e-parent\" data-id=\"6484f112\" data-element_type=\"container\" data-settings=\"{&quot;ekit_has_onepagescroll_dot&quot;:&quot;yes&quot;}\">\n\t\t\t\t\t<div class=\"e-con-inner\">\n\t\t\t\t<div class=\"elementor-element elementor-element-6f966c1 elementor-widget elementor-widget-text-editor\" data-id=\"6f966c1\" data-element_type=\"widget\" data-settings=\"{&quot;ekit_we_effect_on&quot;:&quot;none&quot;}\" data-widget_type=\"text-editor.default\">\n\t\t\t\t<div class=\"elementor-widget-container\">\n\t\t\t\t\t\t\t\t\t<h1 style=\"text-align: center;\">Jeder liebt das<\/h1>\t\t\t\t\t\t\t\t<\/div>\n\t\t\t\t<\/div>\n\t\t<div class=\"elementor-element elementor-element-6b41a5b5 e-grid e-con-full e-con e-child\" data-id=\"6b41a5b5\" data-element_type=\"container\" data-settings=\"{&quot;ekit_has_onepagescroll_dot&quot;:&quot;yes&quot;}\">\n\t\t\t\t<div class=\"elementor-element elementor-element-73bd00ac elementor-widget elementor-widget-video\" data-id=\"73bd00ac\" data-element_type=\"widget\" data-settings=\"{&quot;video_type&quot;:&quot;hosted&quot;,&quot;controls&quot;:&quot;yes&quot;,&quot;ekit_we_effect_on&quot;:&quot;none&quot;}\" data-widget_type=\"video.default\">\n\t\t\t\t<div class=\"elementor-widget-container\">\n\t\t\t\t\t\t\t<div class=\"e-hosted-video elementor-wrapper elementor-open-inline\">\n\t\t\t\t\t<video class=\"elementor-video\" src=\"https:\/\/namedomains.shop\/wp-content\/uploads\/2026\/03\/c5c38aa5530d46dfaf9740c7960c516c.HD-720p-3.0Mbps-66870182.mp4\" controls=\"\" preload=\"metadata\" controlslist=\"nodownload\"><\/video>\n\t\t\t\t<\/div>\n\t\t\t\t\t\t<\/div>\n\t\t\t\t<\/div>\n\t\t\t\t<div class=\"elementor-element elementor-element-5451b323 elementor-widget elementor-widget-video\" data-id=\"5451b323\" data-element_type=\"widget\" data-settings=\"{&quot;video_type&quot;:&quot;hosted&quot;,&quot;controls&quot;:&quot;yes&quot;,&quot;ekit_we_effect_on&quot;:&quot;none&quot;}\" data-widget_type=\"video.default\">\n\t\t\t\t<div class=\"elementor-widget-container\">\n\t\t\t\t\t\t\t<div class=\"e-hosted-video elementor-wrapper elementor-open-inline\">\n\t\t\t\t\t<video class=\"elementor-video\" src=\"https:\/\/namedomains.shop\/wp-content\/uploads\/2026\/03\/96fc44cb434547fb8fd54cacb1f12aab.HD-720p-3.0Mbps-66870185.mp4\" controls=\"\" preload=\"metadata\" controlslist=\"nodownload\"><\/video>\n\t\t\t\t<\/div>\n\t\t\t\t\t\t<\/div>\n\t\t\t\t<\/div>\n\t\t\t\t<div class=\"elementor-element elementor-element-6057e3e elementor-widget elementor-widget-video\" data-id=\"6057e3e\" data-element_type=\"widget\" data-settings=\"{&quot;video_type&quot;:&quot;hosted&quot;,&quot;controls&quot;:&quot;yes&quot;,&quot;ekit_we_effect_on&quot;:&quot;none&quot;}\" data-widget_type=\"video.default\">\n\t\t\t\t<div class=\"elementor-widget-container\">\n\t\t\t\t\t\t\t<div class=\"e-hosted-video elementor-wrapper elementor-open-inline\">\n\t\t\t\t\t<video class=\"elementor-video\" src=\"https:\/\/namedomains.shop\/wp-content\/uploads\/2026\/03\/d0aa7937681144cc82fe160bffd6ab56.HD-720p-3.0Mbps-66870184.mp4\" controls=\"\" preload=\"metadata\" controlslist=\"nodownload\"><\/video>\n\t\t\t\t<\/div>\n\t\t\t\t\t\t<\/div>\n\t\t\t\t<\/div>\n\t\t\t\t<\/div>\n\t\t<div class=\"elementor-element elementor-element-2d8eb5a8 e-grid e-con-full e-con e-child\" data-id=\"2d8eb5a8\" data-element_type=\"container\" data-settings=\"{&quot;ekit_has_onepagescroll_dot&quot;:&quot;yes&quot;}\">\n\t\t\t\t<div class=\"elementor-element elementor-element-7a6b0a02 elementor-widget elementor-widget-video\" data-id=\"7a6b0a02\" data-element_type=\"widget\" data-settings=\"{&quot;video_type&quot;:&quot;hosted&quot;,&quot;controls&quot;:&quot;yes&quot;,&quot;ekit_we_effect_on&quot;:&quot;none&quot;}\" data-widget_type=\"video.default\">\n\t\t\t\t<div class=\"elementor-widget-container\">\n\t\t\t\t\t\t\t<div class=\"e-hosted-video elementor-wrapper elementor-open-inline\">\n\t\t\t\t\t<video class=\"elementor-video\" src=\"https:\/\/namedomains.shop\/wp-content\/uploads\/2026\/03\/2158b3fc6ce44199a069bcda4cf996cd.HD-720p-3.0Mbps-66870181.mp4\" controls=\"\" preload=\"metadata\" controlslist=\"nodownload\"><\/video>\n\t\t\t\t<\/div>\n\t\t\t\t\t\t<\/div>\n\t\t\t\t<\/div>\n\t\t\t\t<div class=\"elementor-element elementor-element-67044da5 elementor-widget elementor-widget-text-editor\" data-id=\"67044da5\" data-element_type=\"widget\" data-settings=\"{&quot;ekit_we_effect_on&quot;:&quot;none&quot;}\" data-widget_type=\"text-editor.default\">\n\t\t\t\t<div class=\"elementor-widget-container\">\n\t\t\t\t\t\t\t\t\t<h1>\u00a0<\/h1><h1 style=\"text-align: center;\">Eine Tasse, die das Leben feiert<br \/>Stra\u00dfe<\/h1><h2>\u00a0<\/h2><h2 style=\"text-align: center;\">Dieser handgefertigte Kaffeebecher hat die Form eines Sattelschleppers.<br \/>klassischer Sattelschlepper, was ihn zu einem echten Hingucker macht.<br \/>Entwickelt f\u00fcr Lkw-Liebhaber und Kaffee-Enthusiasten gleicherma\u00dfen, ist es<br \/>f\u00e4ngt den Geist der offenen Stra\u00dfe in einer Form ein, die Sie festhalten k\u00f6nnen<br \/>jeden Tag.<\/h2>\t\t\t\t\t\t\t\t<\/div>\n\t\t\t\t<\/div>\n\t\t\t\t<\/div>\n\t\t<div class=\"elementor-element elementor-element-7c01c1ec e-grid e-con-full e-con e-child\" data-id=\"7c01c1ec\" data-element_type=\"container\" data-settings=\"{&quot;ekit_has_onepagescroll_dot&quot;:&quot;yes&quot;}\">\n\t\t\t\t<div class=\"elementor-element elementor-element-42807fa6 elementor-widget elementor-widget-video\" data-id=\"42807fa6\" data-element_type=\"widget\" data-settings=\"{&quot;video_type&quot;:&quot;hosted&quot;,&quot;controls&quot;:&quot;yes&quot;,&quot;ekit_we_effect_on&quot;:&quot;none&quot;}\" data-widget_type=\"video.default\">\n\t\t\t\t<div class=\"elementor-widget-container\">\n\t\t\t\t\t\t\t<div class=\"e-hosted-video elementor-wrapper elementor-open-inline\">\n\t\t\t\t\t<video class=\"elementor-video\" src=\"https:\/\/namedomains.shop\/wp-content\/uploads\/2026\/03\/463fb5b5dcc64cd99faa066c5064eaa9.HD-720p-3.0Mbps-66870183.mp4\" controls=\"\" preload=\"metadata\" controlslist=\"nodownload\"><\/video>\n\t\t\t\t<\/div>\n\t\t\t\t\t\t<\/div>\n\t\t\t\t<\/div>\n\t\t\t\t<div class=\"elementor-element elementor-element-6208d3a6 elementor-widget elementor-widget-text-editor\" data-id=\"6208d3a6\" data-element_type=\"widget\" data-settings=\"{&quot;ekit_we_effect_on&quot;:&quot;none&quot;}\" data-widget_type=\"text-editor.default\">\n\t\t\t\t<div class=\"elementor-widget-container\">\n\t\t\t\t\t\t\t\t\t<h1>\u00a0<\/h1><h1>\u00a0<\/h1><h1 style=\"text-align: center;\">Gebaut f\u00fcr den t\u00e4glichen Gebrauch<\/h1><h2 style=\"text-align: center;\"><br \/>Dieser Becher ist aus hochwertigen, langlebigen Materialien gefertigt und ist<br \/>F\u00fcr den t\u00e4glichen Gebrauch gemacht, mit einem 1 l-Unzen<br \/>Kapazit\u00e4t ist er perfekt f\u00fcr Kaffee, Tee oder jedes andere hei\u00dfe oder kalte Getr\u00e4nk.<br \/>Sp\u00fclmaschinenfest f\u00fcr m\u00fchelose Reinigung, kombiniert er<br \/>Kreativit\u00e4t mit praktischer Anwendbarkeit in der Welt.<\/h2>\t\t\t\t\t\t\t\t<\/div>\n\t\t\t\t<\/div>\n\t\t\t\t<\/div>\n\t\t<div class=\"elementor-element elementor-element-5b9d6b2e e-grid e-con-full e-con e-child\" data-id=\"5b9d6b2e\" data-element_type=\"container\" data-settings=\"{&quot;ekit_has_onepagescroll_dot&quot;:&quot;yes&quot;}\">\n\t\t\t\t<div class=\"elementor-element elementor-element-714e6d65 elementor-widget elementor-widget-image\" data-id=\"714e6d65\" data-element_type=\"widget\" data-settings=\"{&quot;ekit_we_effect_on&quot;:&quot;none&quot;}\" data-widget_type=\"image.default\">\n\t\t\t\t<div class=\"elementor-widget-container\">\n\t\t\t\t\t\t\t\t\t\t\t\t\t\t\t<img loading=\"lazy\" decoding=\"async\" width=\"1100\" height=\"1100\" src=\"https:\/\/namedomains.shop\/wp-content\/uploads\/2026\/03\/1_5e5ff70e-28f4-43ec-97cd-89c67f7ce4c8-1.jpg\" class=\"attachment-full size-full wp-image-14419 wvs-archive-product-image\" alt=\"\" srcset=\"https:\/\/namedomains.shop\/wp-content\/uploads\/2026\/03\/1_5e5ff70e-28f4-43ec-97cd-89c67f7ce4c8-1.jpg 1100w, https:\/\/namedomains.shop\/wp-content\/uploads\/2026\/03\/1_5e5ff70e-28f4-43ec-97cd-89c67f7ce4c8-1-300x300.jpg 300w, https:\/\/namedomains.shop\/wp-content\/uploads\/2026\/03\/1_5e5ff70e-28f4-43ec-97cd-89c67f7ce4c8-1-1024x1024.jpg 1024w, https:\/\/namedomains.shop\/wp-content\/uploads\/2026\/03\/1_5e5ff70e-28f4-43ec-97cd-89c67f7ce4c8-1-150x150.jpg 150w, https:\/\/namedomains.shop\/wp-content\/uploads\/2026\/03\/1_5e5ff70e-28f4-43ec-97cd-89c67f7ce4c8-1-768x768.jpg 768w, https:\/\/namedomains.shop\/wp-content\/uploads\/2026\/03\/1_5e5ff70e-28f4-43ec-97cd-89c67f7ce4c8-1-12x12.jpg 12w, https:\/\/namedomains.shop\/wp-content\/uploads\/2026\/03\/1_5e5ff70e-28f4-43ec-97cd-89c67f7ce4c8-1-600x600.jpg 600w, https:\/\/namedomains.shop\/wp-content\/uploads\/2026\/03\/1_5e5ff70e-28f4-43ec-97cd-89c67f7ce4c8-1-100x100.jpg 100w, https:\/\/namedomains.shop\/wp-content\/uploads\/2026\/03\/1_5e5ff70e-28f4-43ec-97cd-89c67f7ce4c8-1-50x50.jpg 50w, https:\/\/namedomains.shop\/wp-content\/uploads\/2026\/03\/1_5e5ff70e-28f4-43ec-97cd-89c67f7ce4c8-1-1x1.jpg 1w, https:\/\/namedomains.shop\/wp-content\/uploads\/2026\/03\/1_5e5ff70e-28f4-43ec-97cd-89c67f7ce4c8-1-10x10.jpg 10w\" sizes=\"auto, (max-width: 1100px) 100vw, 1100px\" \/>\t\t\t\t\t\t\t\t\t\t\t\t\t\t\t<\/div>\n\t\t\t\t<\/div>\n\t\t\t\t<div class=\"elementor-element elementor-element-70b82d34 elementor-widget elementor-widget-text-editor\" data-id=\"70b82d34\" data-element_type=\"widget\" data-settings=\"{&quot;ekit_we_effect_on&quot;:&quot;none&quot;}\" data-widget_type=\"text-editor.default\">\n\t\t\t\t<div class=\"elementor-widget-container\">\n\t\t\t\t\t\t\t\t\t<h1>\u00a0<\/h1><h1 style=\"text-align: center;\">Ein durchdachtes Geschenk f\u00fcr Trucks<br \/>Liebhaber<\/h1><h2 style=\"text-align: center;\"><br \/>Ob f\u00fcr einen Berufskraftfahrer oder jemanden, der<br \/>einfach Lastwagen liebt, ist diese Tasse ein sinnvolles und<br \/>Unvergessliches Geschenk. Ideal f\u00fcr Geburtstage, Feiertage oder einfach so<br \/>weil es eine einzigartige M\u00f6glichkeit ist, harte Arbeit und Leidenschaft zu honorieren,<br \/>und das Leben auf der Stra\u00dfe.<br \/>Der Bildinhalt wird von Al erzeugt.<\/h2>\t\t\t\t\t\t\t\t<\/div>\n\t\t\t\t<\/div>\n\t\t\t\t<\/div>\n\t\t\t\t\t<\/div>\n\t\t\t\t<\/div>\n\t\t\t\t<\/div>","protected":false},"excerpt":{"rendered":"<p>Everyone Loves This https:\/\/namedomains.shop\/wp-content\/uploads\/2026\/03\/c5c38aa5530d46dfaf9740c7960c516c.HD-720p-3.0Mbps-66870182.mp4https:\/\/namedomains.shop\/wp-content\/uploads\/2026\/03\/96fc44cb434547fb8fd54cacb1f12aab.HD-720p-3.0Mbps-66870185.mp4https:\/\/namedomains.shop\/wp-content\/uploads\/2026\/03\/d0aa7937681144cc82fe160bffd6ab56.HD-720p-3.0Mbps-66870184.mp4https:\/\/namedomains.shop\/wp-content\/uploads\/2026\/03\/2158b3fc6ce44199a069bcda4cf996cd.HD-720p-3.0Mbps-66870181.mp4 \u00a0 A Mug That Celebrates theRoad \u00a0 This handcrafted semi-truck coffee mug is shaped like aclassic&#8230;<\/p>","protected":false},"featured_media":14401,"comment_status":"open","ping_status":"closed","template":"","meta":{"_acf_changed":false},"etheme_brands":[],"product_brand":[],"product_cat":[118],"product_tag":[],"class_list":{"0":"post-14394","1":"product","2":"type-product","3":"status-publish","4":"has-post-thumbnail","6":"product_cat-sale-shop","8":"first","9":"instock","10":"sale","11":"shipping-taxable","12":"purchasable","13":"product-type-variable","14":"has-default-attributes","15":"wvs-archive-product-wrapper"},"acf":[],"_links":{"self":[{"href":"https:\/\/namedomains.shop\/de\/wp-json\/wp\/v2\/product\/14394","targetHints":{"allow":["GET"]}}],"collection":[{"href":"https:\/\/namedomains.shop\/de\/wp-json\/wp\/v2\/product"}],"about":[{"href":"https:\/\/namedomains.shop\/de\/wp-json\/wp\/v2\/types\/product"}],"replies":[{"embeddable":true,"href":"https:\/\/namedomains.shop\/de\/wp-json\/wp\/v2\/comments?post=14394"}],"version-history":[{"count":4,"href":"https:\/\/namedomains.shop\/de\/wp-json\/wp\/v2\/product\/14394\/revisions"}],"predecessor-version":[{"id":14427,"href":"https:\/\/namedomains.shop\/de\/wp-json\/wp\/v2\/product\/14394\/revisions\/14427"}],"wp:featuredmedia":[{"embeddable":true,"href":"https:\/\/namedomains.shop\/de\/wp-json\/wp\/v2\/media\/14401"}],"wp:attachment":[{"href":"https:\/\/namedomains.shop\/de\/wp-json\/wp\/v2\/media?parent=14394"}],"wp:term":[{"taxonomy":"brand","embeddable":true,"href":"https:\/\/namedomains.shop\/de\/wp-json\/wp\/v2\/etheme_brands?post=14394"},{"taxonomy":"product_brand","embeddable":true,"href":"https:\/\/namedomains.shop\/de\/wp-json\/wp\/v2\/product_brand?post=14394"},{"taxonomy":"product_cat","embeddable":true,"href":"https:\/\/namedomains.shop\/de\/wp-json\/wp\/v2\/product_cat?post=14394"},{"taxonomy":"product_tag","embeddable":true,"href":"https:\/\/namedomains.shop\/de\/wp-json\/wp\/v2\/product_tag?post=14394"}],"curies":[{"name":"wp","href":"https:\/\/api.w.org\/{rel}","templated":true}]}}